{"id":12762,"date":"2025-08-14T08:04:53","date_gmt":"2025-08-14T08:04:53","guid":{"rendered":"https:\/\/rodistogo.com\/responsabilite-sociale\/"},"modified":"2025-08-14T10:46:58","modified_gmt":"2025-08-14T10:46:58","slug":"responsabilite-sociale","status":"publish","type":"page","link":"https:\/\/rodistogo.com\/fr\/responsabilite-sociale\/","title":{"rendered":"Responsabilit\u00e9 sociale"},"content":{"rendered":"\t\t<div data-elementor-type=\"wp-page\" data-elementor-id=\"12762\" class=\"elementor elementor-12762 elementor-12728\" data-elementor-post-type=\"page\">\n\t\t\t\t\t\t<section class=\"elementor-section elementor-top-section elementor-element elementor-element-08bb2ef elementor-section-height-min-height elementor-section-boxed elementor-section-height-default elementor-section-items-middle\" data-id=\"08bb2ef\" data-element_type=\"section\" data-e-type=\"section\" data-settings=\"{&quot;background_background&quot;:&quot;classic&quot;}\">\n\t\t\t\t\t\t\t<div class=\"elementor-background-overlay\"><\/div>\n\t\t\t\t\t\t\t<div class=\"elementor-container elementor-column-gap-default\">\n\t\t\t\t\t<div class=\"elementor-column elementor-col-100 elementor-top-column elementor-element elementor-element-a4ffaa9\" data-id=\"a4ffaa9\" data-element_type=\"column\" data-e-type=\"column\">\n\t\t\t<div class=\"elementor-widget-wrap elementor-element-populated\">\n\t\t\t\t\t\t<section class=\"elementor-section elementor-inner-section elementor-element elementor-element-06de005 elementor-section-boxed elementor-section-height-default elementor-section-height-default\" data-id=\"06de005\" data-element_type=\"section\" data-e-type=\"section\">\n\t\t\t\t\t\t<div class=\"elementor-container elementor-column-gap-default\">\n\t\t\t\t\t<div class=\"elementor-column elementor-col-100 elementor-inner-column elementor-element elementor-element-e12f979\" data-id=\"e12f979\" data-element_type=\"column\" data-e-type=\"column\" data-settings=\"{&quot;background_background&quot;:&quot;classic&quot;}\">\n\t\t\t<div class=\"elementor-widget-wrap elementor-element-populated\">\n\t\t\t\t\t\t<div class=\"elementor-element elementor-element-19ff8ac elementor-widget elementor-widget-heading\" data-id=\"19ff8ac\" data-element_type=\"widget\" data-e-type=\"widget\" data-widget_type=\"heading.default\">\n\t\t\t\t<div class=\"elementor-widget-container\">\n\t\t\t\t\t<h4 class=\"elementor-heading-title elementor-size-default\">SOCIALE<\/h4>\t\t\t\t<\/div>\n\t\t\t\t<\/div>\n\t\t\t\t<div class=\"elementor-element elementor-element-b634f2f elementor-widget elementor-widget-heading\" data-id=\"b634f2f\" data-element_type=\"widget\" data-e-type=\"widget\" data-widget_type=\"heading.default\">\n\t\t\t\t<div class=\"elementor-widget-container\">\n\t\t\t\t\t<h5 class=\"elementor-heading-title elementor-size-default\">Conscient de son r\u00f4le soci\u00e9tal et environnemental, RODIS s\u2019engage activement dans une d\u00e9marche de Responsabilit\u00e9 Soci\u00e9tale des Entreprises (RSE), int\u00e9gr\u00e9e \u00e0 sa strat\u00e9gie globale et \u00e0 ses pratiques quotidiennes. \n<br> <br>Cette d\u00e9marche repose sur quatre axes strat\u00e9giques majeurs, en coh\u00e9rence avec les principes du d\u00e9veloppement durable et les attentes de ses parties int\u00e9ress\u00e9es.<\/h5>\t\t\t\t<\/div>\n\t\t\t\t<\/div>\n\t\t\t\t\t<\/div>\n\t\t<\/div>\n\t\t\t\t\t<\/div>\n\t\t<\/section>\n\t\t\t\t\t<\/div>\n\t\t<\/div>\n\t\t\t\t\t<\/div>\n\t\t<\/section>\n\t\t\t\t<section class=\"elementor-section elementor-top-section elementor-element elementor-element-f6db46b elementor-section-boxed elementor-section-height-default elementor-section-height-default\" data-id=\"f6db46b\" data-element_type=\"section\" data-e-type=\"section\" data-settings=\"{&quot;background_background&quot;:&quot;classic&quot;}\">\n\t\t\t\t\t\t<div class=\"elementor-container elementor-column-gap-default\">\n\t\t\t\t\t<div class=\"elementor-column elementor-col-100 elementor-top-column elementor-element elementor-element-1ba1de95\" data-id=\"1ba1de95\" data-element_type=\"column\" data-e-type=\"column\">\n\t\t\t<div class=\"elementor-widget-wrap elementor-element-populated\">\n\t\t\t\t\t\t<div class=\"elementor-element elementor-element-464d391 elementor-widget elementor-widget-heading\" data-id=\"464d391\" data-element_type=\"widget\" data-e-type=\"widget\" data-widget_type=\"heading.default\">\n\t\t\t\t<div class=\"elementor-widget-container\">\n\t\t\t\t\t<h4 class=\"elementor-heading-title elementor-size-default\">1<\/h4>\t\t\t\t<\/div>\n\t\t\t\t<\/div>\n\t\t\t\t<div class=\"elementor-element elementor-element-b982015 elementor-widget elementor-widget-heading\" data-id=\"b982015\" data-element_type=\"widget\" data-e-type=\"widget\" data-widget_type=\"heading.default\">\n\t\t\t\t<div class=\"elementor-widget-container\">\n\t\t\t\t\t<h4 class=\"elementor-heading-title elementor-size-default\">Un engagement environnemental fort et responsable<\/h4>\t\t\t\t<\/div>\n\t\t\t\t<\/div>\n\t\t\t\t<div class=\"elementor-element elementor-element-baf601d elementor-widget elementor-widget-heading\" data-id=\"baf601d\" data-element_type=\"widget\" data-e-type=\"widget\" data-widget_type=\"heading.default\">\n\t\t\t\t<div class=\"elementor-widget-container\">\n\t\t\t\t\t<h5 class=\"elementor-heading-title elementor-size-default\">Rodis inscrit la protection de l\u2019environnement au c\u0153ur de sa strat\u00e9gie de d\u00e9veloppement durable. Consciente de l\u2019impact de ses activit\u00e9s, l\u2019entreprise met en \u0153uvre des actions concr\u00e8tes pour r\u00e9duire son empreinte \u00e9cologique et contribuer \u00e0 la pr\u00e9servation des ressources naturelles. <\/h5>\t\t\t\t<\/div>\n\t\t\t\t<\/div>\n\t\t\t\t<div class=\"elementor-element elementor-element-1eb76d2f elementor-widget elementor-widget-text-editor\" data-id=\"1eb76d2f\" data-element_type=\"widget\" data-e-type=\"widget\" data-widget_type=\"text-editor.default\">\n\t\t\t\t<div class=\"elementor-widget-container\">\n\t\t\t\t\t\t\t\t\t<ul><li>Am\u00e9liorer notre efficacit\u00e9 \u00e9nerg\u00e9tique. Nous investissons dans des \u00e9quipements performants et sensibilisons nos \u00e9quipes aux \u00e9cogestes afin de r\u00e9duire notre consommation d\u2019\u00e9nergie et limiter nos \u00e9missions de gaz \u00e0 effet de serre. <\/li><li>Optimiser le recyclage et la valorisation des d\u00e9chets. Rodis s\u2019attache \u00e0 trier, traiter et valoriser l\u2019ensemble de ses d\u00e9chets dans une logique d\u2019\u00e9conomie circulaire. Nous travaillons avec des prestataires agr\u00e9\u00e9s et mettons en place des indicateurs de suivi pour am\u00e9liorer en continu notre performance environnementale.  <\/li><li>Respecter les normes environnementales en vigueur. Notre conformit\u00e9 aux r\u00e9glementations locales et internationales (notamment ISO 14001) est assur\u00e9e par une veille r\u00e9glementaire active, des audits internes r\u00e9guliers et une politique de management environnemental structur\u00e9e. <\/li><\/ul><p> <\/p><p>Gr\u00e2ce \u00e0 cet engagement, Rodis contribue activement \u00e0 un mod\u00e8le de production plus durable, responsable et respectueux de l\u2019environnement.<\/p>\t\t\t\t\t\t\t\t<\/div>\n\t\t\t\t<\/div>\n\t\t\t\t\t<\/div>\n\t\t<\/div>\n\t\t\t\t\t<\/div>\n\t\t<\/section>\n\t\t\t\t<section class=\"elementor-section elementor-top-section elementor-element elementor-element-dc46df7 elementor-section-boxed elementor-section-height-default elementor-section-height-default\" data-id=\"dc46df7\" data-element_type=\"section\" data-e-type=\"section\" data-settings=\"{&quot;background_background&quot;:&quot;classic&quot;}\">\n\t\t\t\t\t\t<div class=\"elementor-container elementor-column-gap-default\">\n\t\t\t\t\t<div class=\"elementor-column elementor-col-100 elementor-top-column elementor-element elementor-element-88469ef\" data-id=\"88469ef\" data-element_type=\"column\" data-e-type=\"column\">\n\t\t\t<div class=\"elementor-widget-wrap elementor-element-populated\">\n\t\t\t\t\t\t<div class=\"elementor-element elementor-element-1591f38 elementor-widget elementor-widget-heading\" data-id=\"1591f38\" data-element_type=\"widget\" data-e-type=\"widget\" data-widget_type=\"heading.default\">\n\t\t\t\t<div class=\"elementor-widget-container\">\n\t\t\t\t\t<h4 class=\"elementor-heading-title elementor-size-default\">2<\/h4>\t\t\t\t<\/div>\n\t\t\t\t<\/div>\n\t\t\t\t<div class=\"elementor-element elementor-element-4826e23 elementor-widget elementor-widget-heading\" data-id=\"4826e23\" data-element_type=\"widget\" data-e-type=\"widget\" data-widget_type=\"heading.default\">\n\t\t\t\t<div class=\"elementor-widget-container\">\n\t\t\t\t\t<h4 class=\"elementor-heading-title elementor-size-default\">Un employeur engag\u00e9 dans le d\u00e9veloppement local<\/h4>\t\t\t\t<\/div>\n\t\t\t\t<\/div>\n\t\t\t\t<div class=\"elementor-element elementor-element-193141b elementor-widget elementor-widget-heading\" data-id=\"193141b\" data-element_type=\"widget\" data-e-type=\"widget\" data-widget_type=\"heading.default\">\n\t\t\t\t<div class=\"elementor-widget-container\">\n\t\t\t\t\t<h5 class=\"elementor-heading-title elementor-size-default\">Rodis affirme son r\u00f4le d\u2019acteur responsable en s\u2019impliquant activement dans le tissu socio-\u00e9conomique local. Cette implication se traduit par une politique RH orient\u00e9e vers le d\u00e9veloppement humain et le soutien \u00e0 l\u2019employabilit\u00e9, au service d\u2019un impact durable. <\/h5>\t\t\t\t<\/div>\n\t\t\t\t<\/div>\n\t\t\t\t<div class=\"elementor-element elementor-element-46faf62 elementor-widget elementor-widget-text-editor\" data-id=\"46faf62\" data-element_type=\"widget\" data-e-type=\"widget\" data-widget_type=\"text-editor.default\">\n\t\t\t\t<div class=\"elementor-widget-container\">\n\t\t\t\t\t\t\t\t\t<ul><li>D\u00e9velopper une politique RH fond\u00e9e sur l\u2019\u00e9volution et l\u2019\u00e9panouissement des salari\u00e9s. Nous mettons en place des parcours de carri\u00e8re individualis\u00e9s, encourageons la mont\u00e9e en comp\u00e9tences, et valorisons les talents internes. L\u2019objectif : fid\u00e9liser nos collaborateurs tout en leur offrant des perspectives d\u2019\u00e9volution claires.  <\/li><li>Garantir la sant\u00e9, la s\u00e9curit\u00e9 et le bien-\u00eatre au travail. Nous pla\u00e7ons la pr\u00e9vention des risques, les conditions de travail et la qualit\u00e9 de vie professionnelle au c\u0153ur de notre strat\u00e9gie RH. Des actions concr\u00e8tes sont men\u00e9es pour cr\u00e9er un environnement de travail s\u00fbr, respectueux et motivant.  <\/li><li>Participer activement \u00e0 la formation de la main-d\u2019\u0153uvre locale. En partenariat avec les acteurs de la formation, nous contribuons \u00e0 la professionnalisation des jeunes et des demandeurs d\u2019emploi, notamment dans les domaines de la production, de la qualit\u00e9 et de l\u2019environnement. <\/li><li>Accueillir des stagiaires pour favoriser l\u2019insertion professionnelle. Rodis ouvre ses portes aux \u00e9tudiants et jeunes dipl\u00f4m\u00e9s afin de leur offrir une premi\u00e8re exp\u00e9rience concr\u00e8te, enrichissante et encadr\u00e9e. Cette d\u00e9marche favorise l\u2019int\u00e9gration des talents tout en renfor\u00e7ant notre ancrage territorial.  <\/li><\/ul>\t\t\t\t\t\t\t\t<\/div>\n\t\t\t\t<\/div>\n\t\t\t\t\t<\/div>\n\t\t<\/div>\n\t\t\t\t\t<\/div>\n\t\t<\/section>\n\t\t\t\t<section class=\"elementor-section elementor-top-section elementor-element elementor-element-5edf1f7 elementor-section-boxed elementor-section-height-default elementor-section-height-default\" data-id=\"5edf1f7\" data-element_type=\"section\" data-e-type=\"section\" data-settings=\"{&quot;background_background&quot;:&quot;classic&quot;}\">\n\t\t\t\t\t\t<div class=\"elementor-container elementor-column-gap-default\">\n\t\t\t\t\t<div class=\"elementor-column elementor-col-100 elementor-top-column elementor-element elementor-element-ff21d20\" data-id=\"ff21d20\" data-element_type=\"column\" data-e-type=\"column\">\n\t\t\t<div class=\"elementor-widget-wrap elementor-element-populated\">\n\t\t\t\t\t\t<div class=\"elementor-element elementor-element-3cf7297 elementor-widget elementor-widget-heading\" data-id=\"3cf7297\" data-element_type=\"widget\" data-e-type=\"widget\" data-widget_type=\"heading.default\">\n\t\t\t\t<div class=\"elementor-widget-container\">\n\t\t\t\t\t<h4 class=\"elementor-heading-title elementor-size-default\">3<\/h4>\t\t\t\t<\/div>\n\t\t\t\t<\/div>\n\t\t\t\t<div class=\"elementor-element elementor-element-a82c121 elementor-widget elementor-widget-heading\" data-id=\"a82c121\" data-element_type=\"widget\" data-e-type=\"widget\" data-widget_type=\"heading.default\">\n\t\t\t\t<div class=\"elementor-widget-container\">\n\t\t\t\t\t<h4 class=\"elementor-heading-title elementor-size-default\">Un acteur solidaire et responsable<\/h4>\t\t\t\t<\/div>\n\t\t\t\t<\/div>\n\t\t\t\t<div class=\"elementor-element elementor-element-c5b7632 elementor-widget elementor-widget-heading\" data-id=\"c5b7632\" data-element_type=\"widget\" data-e-type=\"widget\" data-widget_type=\"heading.default\">\n\t\t\t\t<div class=\"elementor-widget-container\">\n\t\t\t\t\t<h5 class=\"elementor-heading-title elementor-size-default\">Rodis s\u2019engage \u00e0 jouer un r\u00f4le actif dans la soci\u00e9t\u00e9 en agissant de mani\u00e8re \u00e9thique, inclusive et solidaire. En tant qu\u2019entreprise citoyenne, nous contribuons \u00e0 renforcer la coh\u00e9sion sociale et \u00e0 cr\u00e9er de la valeur partag\u00e9e sur notre territoire. <\/h5>\t\t\t\t<\/div>\n\t\t\t\t<\/div>\n\t\t\t\t<div class=\"elementor-element elementor-element-67a0de1 elementor-widget elementor-widget-text-editor\" data-id=\"67a0de1\" data-element_type=\"widget\" data-e-type=\"widget\" data-widget_type=\"text-editor.default\">\n\t\t\t\t<div class=\"elementor-widget-container\">\n\t\t\t\t\t\t\t\t\t<ul><li>Soutenir des initiatives de bienfaisance. Nous nous mobilisons aux c\u00f4t\u00e9s d\u2019associations locales et nationales en soutenant des actions humanitaires, \u00e9ducatives ou sociales. Ce soutien se manifeste par des dons, des campagnes de solidarit\u00e9, ou encore l\u2019implication b\u00e9n\u00e9vole de nos collaborateurs.  <\/li><li>Renforcer les partenariats avec les collectivit\u00e9s locales. Rodis entretient un dialogue ouvert et r\u00e9gulier avec les institutions locales pour co-construire des projets \u00e0 impact positif. Nous collaborons sur des th\u00e9matiques telles que l\u2019emploi, l\u2019environnement, l\u2019\u00e9ducation ou la formation, dans une logique de coop\u00e9ration durable.  <\/li><li>Consolider des relations responsables avec nos partenaires et fournisseurs. Notre politique d\u2019achats responsables vise \u00e0 s\u00e9lectionner des fournisseurs engag\u00e9s, respectueux des normes \u00e9thiques, sociales et environnementales. Nous instaurons des relations bas\u00e9es sur la transparence, la loyaut\u00e9 et la recherche d\u2019am\u00e9lioration continue mutuelle.  <\/li><\/ul>\t\t\t\t\t\t\t\t<\/div>\n\t\t\t\t<\/div>\n\t\t\t\t\t<\/div>\n\t\t<\/div>\n\t\t\t\t\t<\/div>\n\t\t<\/section>\n\t\t\t\t<section class=\"elementor-section elementor-top-section elementor-element elementor-element-1a33be3 elementor-section-boxed elementor-section-height-default elementor-section-height-default\" data-id=\"1a33be3\" data-element_type=\"section\" data-e-type=\"section\" data-settings=\"{&quot;background_background&quot;:&quot;classic&quot;}\">\n\t\t\t\t\t\t<div class=\"elementor-container elementor-column-gap-default\">\n\t\t\t\t\t<div class=\"elementor-column elementor-col-100 elementor-top-column elementor-element elementor-element-acce57d\" data-id=\"acce57d\" data-element_type=\"column\" data-e-type=\"column\">\n\t\t\t<div class=\"elementor-widget-wrap elementor-element-populated\">\n\t\t\t\t\t\t<div class=\"elementor-element elementor-element-fa2d83f elementor-widget elementor-widget-heading\" data-id=\"fa2d83f\" data-element_type=\"widget\" data-e-type=\"widget\" data-widget_type=\"heading.default\">\n\t\t\t\t<div class=\"elementor-widget-container\">\n\t\t\t\t\t<h4 class=\"elementor-heading-title elementor-size-default\">4<\/h4>\t\t\t\t<\/div>\n\t\t\t\t<\/div>\n\t\t\t\t<div class=\"elementor-element elementor-element-e8b25cb elementor-widget elementor-widget-heading\" data-id=\"e8b25cb\" data-element_type=\"widget\" data-e-type=\"widget\" data-widget_type=\"heading.default\">\n\t\t\t\t<div class=\"elementor-widget-container\">\n\t\t\t\t\t<h4 class=\"elementor-heading-title elementor-size-default\">Une entreprise orient\u00e9e vers ses clients<\/h4>\t\t\t\t<\/div>\n\t\t\t\t<\/div>\n\t\t\t\t<div class=\"elementor-element elementor-element-c5c8f10 elementor-widget elementor-widget-heading\" data-id=\"c5c8f10\" data-element_type=\"widget\" data-e-type=\"widget\" data-widget_type=\"heading.default\">\n\t\t\t\t<div class=\"elementor-widget-container\">\n\t\t\t\t\t<h5 class=\"elementor-heading-title elementor-size-default\">Rodis place ses clients au c\u0153ur de sa strat\u00e9gie et veille \u00e0 b\u00e2tir avec eux une relation durable, fond\u00e9e sur la transparence, l\u2019excellence et la proximit\u00e9.<\/h5>\t\t\t\t<\/div>\n\t\t\t\t<\/div>\n\t\t\t\t<div class=\"elementor-element elementor-element-ef9b1f8 elementor-widget elementor-widget-text-editor\" data-id=\"ef9b1f8\" data-element_type=\"widget\" data-e-type=\"widget\" data-widget_type=\"text-editor.default\">\n\t\t\t\t<div class=\"elementor-widget-container\">\n\t\t\t\t\t\t\t\t\t<ul><li>D\u00e9velopper une relation client de confiance. Nous misons sur une \u00e9coute active, une communication claire et une r\u00e9activit\u00e9 constante pour r\u00e9pondre aux besoins de nos clients. Cette relation de confiance s\u2019appuie sur le respect des engagements, la transparence des informations et un accompagnement personnalis\u00e9 tout au long du partenariat.  <\/li><li>Offrir des produits s\u00fbrs, efficaces et conformes aux normes locales et internationales. Nos produits sont con\u00e7us et fabriqu\u00e9s dans le strict respect des exigences l\u00e9gales et r\u00e9glementaires afin de garantir leur s\u00e9curit\u00e9, leur qualit\u00e9 et leur efficacit\u00e9. Chaque \u00e9tape de production est rigoureusement contr\u00f4l\u00e9e pour assurer la conformit\u00e9 aux standards les plus \u00e9lev\u00e9s.  <\/li><\/ul><p> <\/p><p>Gr\u00e2ce \u00e0 cet engagement, Rodis vise \u00e0 d\u00e9passer les attentes de ses clients et \u00e0 renforcer leur fid\u00e9lit\u00e9 sur le long terme.<\/p>\t\t\t\t\t\t\t\t<\/div>\n\t\t\t\t<\/div>\n\t\t\t\t\t<\/div>\n\t\t<\/div>\n\t\t\t\t\t<\/div>\n\t\t<\/section>\n\t\t\t\t<\/div>\n\t\t","protected":false},"excerpt":{"rendered":"<p>SOCIALE Conscient de son r\u00f4le soci\u00e9tal et environnemental, RODIS s\u2019engage activement dans une d\u00e9marche de Responsabilit\u00e9 Soci\u00e9tale des Entreprises (RSE), int\u00e9gr\u00e9e \u00e0 sa strat\u00e9gie globale et \u00e0 ses pratiques quotidiennes. Cette d\u00e9marche repose sur quatre axes strat\u00e9giques majeurs, en coh\u00e9rence avec les principes du d\u00e9veloppement durable et les attentes de ses parties int\u00e9ress\u00e9es. 1 Un [&hellip;]<\/p>\n","protected":false},"author":1,"featured_media":0,"parent":0,"menu_order":0,"comment_status":"closed","ping_status":"closed","template":"","meta":{"footnotes":""},"class_list":["post-12762","page","type-page","status-publish","hentry"],"_links":{"self":[{"href":"https:\/\/rodistogo.com\/fr\/wp-json\/wp\/v2\/pages\/12762","targetHints":{"allow":["GET"]}}],"collection":[{"href":"https:\/\/rodistogo.com\/fr\/wp-json\/wp\/v2\/pages"}],"about":[{"href":"https:\/\/rodistogo.com\/fr\/wp-json\/wp\/v2\/types\/page"}],"author":[{"embeddable":true,"href":"https:\/\/rodistogo.com\/fr\/wp-json\/wp\/v2\/users\/1"}],"replies":[{"embeddable":true,"href":"https:\/\/rodistogo.com\/fr\/wp-json\/wp\/v2\/comments?post=12762"}],"version-history":[{"count":0,"href":"https:\/\/rodistogo.com\/fr\/wp-json\/wp\/v2\/pages\/12762\/revisions"}],"wp:attachment":[{"href":"https:\/\/rodistogo.com\/fr\/wp-json\/wp\/v2\/media?parent=12762"}],"curies":[{"name":"wp","href":"https:\/\/api.w.org\/{rel}","templated":true}]}}