{"id":12374,"date":"2018-03-19T15:00:20","date_gmt":"2018-03-19T15:00:20","guid":{"rendered":"https:\/\/rodistogo.com\/product\/rapid-white-140ml\/"},"modified":"2025-04-30T08:41:23","modified_gmt":"2025-04-30T08:41:23","slug":"rapid-white-140ml","status":"publish","type":"product","link":"https:\/\/rodistogo.com\/fr\/produit\/rapid-white-140ml\/","title":{"rendered":"RAPID WHITE 140ml"},"content":{"rendered":"","protected":false},"excerpt":{"rendered":"<p><strong><span id=\"result_box\" class=\"short_text\" lang=\"en\"><span class=\"\">GEL\u00c9E DE P\u00c9TROLE RAJEUNISSANTE<\/span><\/span><span id=\"result_box\" class=\"short_text\" lang=\"en\"><\/span><\/strong><br \/>\n<span id=\"result_box\" class=\"\" lang=\"en\"><span class=\"\">Soin hydratant &#8211; Protection intense &#8211; Baume apaisant &#8211; Douceur et tendresse<br \/>\n<\/span><\/span><\/p>\n<p><strong>POMMADE R\u00c9G\u00c9N\u00c9RANTE<span id=\"result_box\" class=\"short_text\" lang=\"en\"><\/span> <\/strong><strong><br \/>\n<\/strong>Soin hydratant &#8211; Protecteur intense &#8211; Baume Apaisant &#8211; Doux et fondant<strong><br \/>\n<\/strong><\/p>\n<p>&nbsp;<\/p>\n<p>&nbsp;<\/p>\n","protected":false},"featured_media":11749,"comment_status":"closed","ping_status":"closed","template":"","meta":[],"product_brand":[],"product_cat":[287],"product_tag":[276,253,257],"class_list":{"0":"post-12374","1":"product","2":"type-product","3":"status-publish","4":"has-post-thumbnail","6":"product_cat-rapid-white-fr","7":"product_tag-gelee-de-petrole","8":"product_tag-oriente-vers-la-famille","9":"product_tag-vaseline-fr","11":"first","12":"instock","13":"shipping-taxable","14":"purchasable","15":"product-type-simple"},"_links":{"self":[{"href":"https:\/\/rodistogo.com\/fr\/wp-json\/wp\/v2\/product\/12374","targetHints":{"allow":["GET"]}}],"collection":[{"href":"https:\/\/rodistogo.com\/fr\/wp-json\/wp\/v2\/product"}],"about":[{"href":"https:\/\/rodistogo.com\/fr\/wp-json\/wp\/v2\/types\/product"}],"replies":[{"embeddable":true,"href":"https:\/\/rodistogo.com\/fr\/wp-json\/wp\/v2\/comments?post=12374"}],"wp:featuredmedia":[{"embeddable":true,"href":"https:\/\/rodistogo.com\/fr\/wp-json\/wp\/v2\/media\/11749"}],"wp:attachment":[{"href":"https:\/\/rodistogo.com\/fr\/wp-json\/wp\/v2\/media?parent=12374"}],"wp:term":[{"taxonomy":"product_brand","embeddable":true,"href":"https:\/\/rodistogo.com\/fr\/wp-json\/wp\/v2\/product_brand?post=12374"},{"taxonomy":"product_cat","embeddable":true,"href":"https:\/\/rodistogo.com\/fr\/wp-json\/wp\/v2\/product_cat?post=12374"},{"taxonomy":"product_tag","embeddable":true,"href":"https:\/\/rodistogo.com\/fr\/wp-json\/wp\/v2\/product_tag?post=12374"}],"curies":[{"name":"wp","href":"https:\/\/api.w.org\/{rel}","templated":true}]}}