{"id":12389,"date":"2018-03-20T17:22:04","date_gmt":"2018-03-20T17:22:04","guid":{"rendered":"https:\/\/rodistogo.com\/product\/dr-johnson-creme-50ml\/"},"modified":"2025-04-30T08:41:33","modified_gmt":"2025-04-30T08:41:33","slug":"dr-johnson-creme-50ml","status":"publish","type":"product","link":"https:\/\/rodistogo.com\/fr\/produit\/dr-johnson-creme-50ml\/","title":{"rendered":"Dr. Johnson Cr\u00e8me 50ml"},"content":{"rendered":"","protected":false},"excerpt":{"rendered":"<p><strong><br \/>\n<\/strong> <strong>Cr\u00e8me m\u00e9dicale menthol\u00e9e anti-inflammatoire<br \/>\n<\/strong>Menthol et eucalyptus surpuissants<strong><br \/>\n<\/strong><\/p>\n<p>&nbsp;<\/p>\n<p>&nbsp;<\/p>\n","protected":false},"featured_media":11769,"comment_status":"closed","ping_status":"closed","template":"","meta":[],"product_brand":[],"product_cat":[239],"product_tag":[221,240,241],"class_list":{"0":"post-12389","1":"product","2":"type-product","3":"status-publish","4":"has-post-thumbnail","6":"product_cat-dr-johnson-fr","7":"product_tag-creme","8":"product_tag-le-sport","9":"product_tag-menthol-fr","11":"first","12":"instock","13":"shipping-taxable","14":"purchasable","15":"product-type-simple"},"_links":{"self":[{"href":"https:\/\/rodistogo.com\/fr\/wp-json\/wp\/v2\/product\/12389","targetHints":{"allow":["GET"]}}],"collection":[{"href":"https:\/\/rodistogo.com\/fr\/wp-json\/wp\/v2\/product"}],"about":[{"href":"https:\/\/rodistogo.com\/fr\/wp-json\/wp\/v2\/types\/product"}],"replies":[{"embeddable":true,"href":"https:\/\/rodistogo.com\/fr\/wp-json\/wp\/v2\/comments?post=12389"}],"wp:featuredmedia":[{"embeddable":true,"href":"https:\/\/rodistogo.com\/fr\/wp-json\/wp\/v2\/media\/11769"}],"wp:attachment":[{"href":"https:\/\/rodistogo.com\/fr\/wp-json\/wp\/v2\/media?parent=12389"}],"wp:term":[{"taxonomy":"product_brand","embeddable":true,"href":"https:\/\/rodistogo.com\/fr\/wp-json\/wp\/v2\/product_brand?post=12389"},{"taxonomy":"product_cat","embeddable":true,"href":"https:\/\/rodistogo.com\/fr\/wp-json\/wp\/v2\/product_cat?post=12389"},{"taxonomy":"product_tag","embeddable":true,"href":"https:\/\/rodistogo.com\/fr\/wp-json\/wp\/v2\/product_tag?post=12389"}],"curies":[{"name":"wp","href":"https:\/\/api.w.org\/{rel}","templated":true}]}}