{"id":12456,"date":"2018-02-26T22:15:47","date_gmt":"2018-02-26T22:15:47","guid":{"rendered":"https:\/\/rodistogo.com\/product\/vit-fee-125ml\/"},"modified":"2025-04-30T08:40:51","modified_gmt":"2025-04-30T08:40:51","slug":"vit-fee-125ml","status":"publish","type":"product","link":"https:\/\/rodistogo.com\/fr\/produit\/vit-fee-125ml\/","title":{"rendered":"VIT-F\u00c9E 125ml"},"content":{"rendered":"","protected":false},"excerpt":{"rendered":"<p><strong>Cr\u00e8me de beaut\u00e9 \u00e9claircissante<\/strong><br \/>\nA la vitamine E et aux extraits naturels<\/p>\n<p><strong>Cr\u00e8me de beaut\u00e9 \u00e9claircissante<br \/>\n<\/strong>A la vitamine E et aux extraits naturels<strong><br \/>\n<\/strong><\/p>\n<p>&nbsp;<\/p>\n<p>&nbsp;<\/p>\n","protected":false},"featured_media":11696,"comment_status":"closed","ping_status":"closed","template":"","meta":[],"product_brand":[],"product_cat":[281],"product_tag":[221,213,202],"class_list":{"0":"post-12456","1":"product","2":"type-product","3":"status-publish","4":"has-post-thumbnail","6":"product_cat-vit-fee-fr","7":"product_tag-creme","8":"product_tag-creme-clarifiante","9":"product_tag-soins-de-la-peau","11":"first","12":"instock","13":"shipping-taxable","14":"purchasable","15":"product-type-simple"},"_links":{"self":[{"href":"https:\/\/rodistogo.com\/fr\/wp-json\/wp\/v2\/product\/12456","targetHints":{"allow":["GET"]}}],"collection":[{"href":"https:\/\/rodistogo.com\/fr\/wp-json\/wp\/v2\/product"}],"about":[{"href":"https:\/\/rodistogo.com\/fr\/wp-json\/wp\/v2\/types\/product"}],"replies":[{"embeddable":true,"href":"https:\/\/rodistogo.com\/fr\/wp-json\/wp\/v2\/comments?post=12456"}],"wp:featuredmedia":[{"embeddable":true,"href":"https:\/\/rodistogo.com\/fr\/wp-json\/wp\/v2\/media\/11696"}],"wp:attachment":[{"href":"https:\/\/rodistogo.com\/fr\/wp-json\/wp\/v2\/media?parent=12456"}],"wp:term":[{"taxonomy":"product_brand","embeddable":true,"href":"https:\/\/rodistogo.com\/fr\/wp-json\/wp\/v2\/product_brand?post=12456"},{"taxonomy":"product_cat","embeddable":true,"href":"https:\/\/rodistogo.com\/fr\/wp-json\/wp\/v2\/product_cat?post=12456"},{"taxonomy":"product_tag","embeddable":true,"href":"https:\/\/rodistogo.com\/fr\/wp-json\/wp\/v2\/product_tag?post=12456"}],"curies":[{"name":"wp","href":"https:\/\/api.w.org\/{rel}","templated":true}]}}